{"id":366,"date":"2023-09-27T22:30:58","date_gmt":"2023-09-27T20:30:58","guid":{"rendered":"https:\/\/eprojetslab.fr\/home\/?page_id=366"},"modified":"2024-12-01T17:24:01","modified_gmt":"2024-12-01T16:24:01","slug":"contact","status":"publish","type":"page","link":"https:\/\/eprojetslab.fr\/home\/contact\/","title":{"rendered":"Contact EProjets Lab"},"content":{"rendered":"\n<h1 class=\"wp-block-heading has-large-font-size\" style=\"margin-top:var(--wp--preset--spacing--60)\">Vous souhaitez b\u00e9n\u00e9ficier d&rsquo;un accompagnement personnalis\u00e9 pour votre projet?<\/h1>\n\n\n\n<p>Pour concr\u00e9tiser vos projets avec innovation et pr\u00e9cision, contactez nous d\u00e8s aujourd&rsquo;hui. Nos experts en CAO, mod\u00e9lisation 3D et impression 3D sont pr\u00eats \u00e0 donner vie \u00e0 vos id\u00e9es. Que ce soit pour une demande de devis, des informations suppl\u00e9mentaires, ou pour explorer les possibilit\u00e9s de collaboration, utilisez le formulaire ci-dessous. Ensembles, transformons vos concepts en r\u00e9alit\u00e9!<\/p>\n\n\n\n<div class=\"wp-block-leadin-hubspot-form-block\">\n\t\t\t\t\t\t<script>\n\t\t\t\t\t\t\twindow.hsFormsOnReady = window.hsFormsOnReady || [];\n\t\t\t\t\t\t\twindow.hsFormsOnReady.push(()=>{\n\t\t\t\t\t\t\t\thbspt.forms.create({\n\t\t\t\t\t\t\t\t\tportalId: 143593999,\n\t\t\t\t\t\t\t\t\tformId: \"d1287c87-dc15-4fb3-a8da-e5f06230c671\",\n\t\t\t\t\t\t\t\t\ttarget: \"#hbspt-form-1776772639000-8109421458\",\n\t\t\t\t\t\t\t\t\tregion: \"eu1\",\n\t\t\t\t\t\t\t\t\t\n\t\t\t\t\t\t\t})});\n\t\t\t\t\t\t<\/script>\n\t\t\t\t\t\t<div class=\"hbspt-form\" id=\"hbspt-form-1776772639000-8109421458\"><\/div><\/div>\n\n\n\n<p class=\"has-small-font-size\" style=\"margin-top:0;margin-bottom:var(--wp--preset--spacing--60)\">En compl\u00e9tant et en envoyant ce formulaire, vous acceptez nos <a href=\"https:\/\/eprojetslab.fr\/home\/cgu\/\">[Conditions G\u00e9n\u00e9rales d&rsquo;Utilisation (CGU)]<\/a>, notre <a href=\"https:\/\/eprojetslab.fr\/home\/politique-de-confidentialite\/\">[Politique de Confidentialit\u00e9]<\/a> ainsi que nos <a href=\"https:\/\/eprojetslab.fr\/home\/mentions-legales\/\">[Mentions L\u00e9gales]<\/a>.<\/p>\n\n\n\n<div class=\"wp-block-group is-content-justification-right is-nowrap is-layout-flex wp-container-core-group-is-layout-1 wp-block-group-is-layout-flex\">\n<div data-map-provider=\"mapbox\" data-api-key=\"pk.eyJ1IjoiZXByb2pldHNsYWIiLCJhIjoiY20zZGQxbWNjMDIwMTJqcjN6MnV1emMyYSJ9.AhwQdYfBkisQcfQLwjon7Q\" class=\"wp-block-jetpack-map is-style-default\" data-map-style=\"default\" data-map-details=\"true\" data-points=\"[{&quot;placeTitle&quot;:&quot;Rue Montoise&quot;,&quot;title&quot;:&quot;Rue Montoise&quot;,&quot;caption&quot;:&quot;5 Rue Montoise, 72000 Le Mans, France&quot;,&quot;id&quot;:&quot;address.5397920964067090&quot;,&quot;coordinates&quot;:{&quot;longitude&quot;:0.189082,&quot;latitude&quot;:48.007801}}]\" data-zoom=\"13.805724169102922\" data-map-center=\"{&quot;lng&quot;:0.189082,&quot;lat&quot;:48.007801}\" data-marker-color=\"#0f1255\" data-map-height=\"400\" data-show-fullscreen-button=\"true\"><ul><li><a href=\"https:\/\/www.google.com\/maps\/search\/?api=1&amp;query=48.007801,0.189082\">Rue Montoise<\/a><\/li><\/ul><\/div>\n<\/div>\n\n\n\n<p><\/p>\n","protected":false},"excerpt":{"rendered":"<p>Vous souhaitez b\u00e9n\u00e9ficier d&rsquo;un accompagnement personnalis\u00e9 pour votre projet? Pour concr\u00e9tiser vos projets avec innovation et pr\u00e9cision, contactez nous d\u00e8s aujourd&rsquo;hui. Nos experts en CAO, mod\u00e9lisation 3D et impression 3D sont pr\u00eats \u00e0 donner vie \u00e0 vos id\u00e9es. Que ce soit pour une demande de devis, des informations suppl\u00e9mentaires, ou pour explorer les possibilit\u00e9s de [&hellip;]<\/p>\n","protected":false},"author":3,"featured_media":0,"parent":0,"menu_order":0,"comment_status":"closed","ping_status":"closed","template":"","meta":{"content-type":"","site-sidebar-layout":"default","site-content-layout":"","ast-site-content-layout":"default","site-content-style":"default","site-sidebar-style":"default","ast-global-header-display":"","ast-banner-title-visibility":"","ast-main-header-display":"","ast-hfb-above-header-display":"","ast-hfb-below-header-display":"","ast-hfb-mobile-header-display":"","site-post-title":"disabled","ast-breadcrumbs-content":"","ast-featured-img":"","footer-sml-layout":"","ast-disable-related-posts":"","theme-transparent-header-meta":"","adv-header-id-meta":"","stick-header-meta":"","header-above-stick-meta":"","header-main-stick-meta":"","header-below-stick-meta":"","astra-migrate-meta-layouts":"","ast-page-background-enabled":"default","ast-page-background-meta":{"desktop":{"background-color":"var(--ast-global-color-4)","background-image":"","background-repeat":"repeat","background-position":"center center","background-size":"auto","background-attachment":"scroll","background-type":"","background-media":"","overlay-type":"","overlay-color":"","overlay-opacity":"","overlay-gradient":""},"tablet":{"background-color":"","background-image":"","background-repeat":"repeat","background-position":"center center","background-size":"auto","background-attachment":"scroll","background-type":"","background-media":"","overlay-type":"","overlay-color":"","overlay-opacity":"","overlay-gradient":""},"mobile":{"background-color":"","background-image":"","background-repeat":"repeat","background-position":"center center","background-size":"auto","background-attachment":"scroll","background-type":"","background-media":"","overlay-type":"","overlay-color":"","overlay-opacity":"","overlay-gradient":""}},"ast-content-background-meta":{"desktop":{"background-color":"var(--ast-global-color-5)","background-image":"","background-repeat":"repeat","background-position":"center center","background-size":"auto","background-attachment":"scroll","background-type":"","background-media":"","overlay-type":"","overlay-color":"","overlay-opacity":"","overlay-gradient":""},"tablet":{"background-color":"var(--ast-global-color-5)","background-image":"","background-repeat":"repeat","background-position":"center center","background-size":"auto","background-attachment":"scroll","background-type":"","background-media":"","overlay-type":"","overlay-color":"","overlay-opacity":"","overlay-gradient":""},"mobile":{"background-color":"var(--ast-global-color-5)","background-image":"","background-repeat":"repeat","background-position":"center center","background-size":"auto","background-attachment":"scroll","background-type":"","background-media":"","overlay-type":"","overlay-color":"","overlay-opacity":"","overlay-gradient":""}},"footnotes":""},"class_list":["post-366","page","type-page","status-publish","hentry"],"yoast_head":"<!-- This site is optimized with the Yoast SEO plugin v26.8 - https:\/\/yoast.com\/product\/yoast-seo-wordpress\/ -->\n<title>Contact EProjets Lab | EProjets Lab<\/title>\n<meta name=\"description\" content=\"Contact EProjets Lab : Besoin d&#039;aide en impression 3D ou en CAO? Notre \u00e9quipe est l\u00e0 pour r\u00e9pondre \u00e0 vos questions et \u00e0 vos projets.\" \/>\n<meta name=\"robots\" content=\"index, follow, max-snippet:-1, max-image-preview:large, max-video-preview:-1\" \/>\n<link rel=\"canonical\" href=\"https:\/\/eprojetslab.fr\/home\/contact\/\" \/>\n<meta property=\"og:locale\" content=\"fr_FR\" \/>\n<meta property=\"og:type\" content=\"article\" \/>\n<meta property=\"og:title\" content=\"Contact EProjets Lab | EProjets Lab\" \/>\n<meta property=\"og:description\" content=\"Contact EProjets Lab : Besoin d&#039;aide en impression 3D ou en CAO? Notre \u00e9quipe est l\u00e0 pour r\u00e9pondre \u00e0 vos questions et \u00e0 vos projets.\" \/>\n<meta property=\"og:url\" content=\"https:\/\/eprojetslab.fr\/home\/contact\/\" \/>\n<meta property=\"og:site_name\" content=\"EProjets Lab\" \/>\n<meta property=\"article:publisher\" content=\"https:\/\/www.facebook.com\/people\/EProjets-Lab\/100083536294345\/\" \/>\n<meta property=\"article:modified_time\" content=\"2024-12-01T16:24:01+00:00\" \/>\n<meta property=\"og:image\" content=\"https:\/\/i0.wp.com\/eprojetslab.fr\/wp-content\/uploads\/2023\/07\/cropped-Logo-2-2.png?fit=973%2C940&ssl=1\" \/>\n\t<meta property=\"og:image:width\" content=\"973\" \/>\n\t<meta property=\"og:image:height\" content=\"940\" \/>\n\t<meta property=\"og:image:type\" content=\"image\/png\" \/>\n<meta name=\"twitter:card\" content=\"summary_large_image\" \/>\n<meta name=\"twitter:label1\" content=\"Dur\u00e9e de lecture estim\u00e9e\" \/>\n\t<meta name=\"twitter:data1\" content=\"1 minute\" \/>\n<script type=\"application\/ld+json\" class=\"yoast-schema-graph\">{\"@context\":\"https:\/\/schema.org\",\"@graph\":[{\"@type\":\"WebPage\",\"@id\":\"https:\/\/eprojetslab.fr\/home\/contact\/\",\"url\":\"https:\/\/eprojetslab.fr\/home\/contact\/\",\"name\":\"Contact EProjets Lab | EProjets Lab\",\"isPartOf\":{\"@id\":\"https:\/\/eprojetslab.fr\/home\/#website\"},\"datePublished\":\"2023-09-27T20:30:58+00:00\",\"dateModified\":\"2024-12-01T16:24:01+00:00\",\"description\":\"Contact EProjets Lab : Besoin d'aide en impression 3D ou en CAO? Notre \u00e9quipe est l\u00e0 pour r\u00e9pondre \u00e0 vos questions et \u00e0 vos projets.\",\"breadcrumb\":{\"@id\":\"https:\/\/eprojetslab.fr\/home\/contact\/#breadcrumb\"},\"inLanguage\":\"fr-FR\",\"potentialAction\":[{\"@type\":\"ReadAction\",\"target\":[\"https:\/\/eprojetslab.fr\/home\/contact\/\"]}]},{\"@type\":\"BreadcrumbList\",\"@id\":\"https:\/\/eprojetslab.fr\/home\/contact\/#breadcrumb\",\"itemListElement\":[{\"@type\":\"ListItem\",\"position\":1,\"name\":\"Accueil\",\"item\":\"https:\/\/eprojetslab.fr\/home\/\"},{\"@type\":\"ListItem\",\"position\":2,\"name\":\"Contact EProjets Lab\"}]},{\"@type\":\"WebSite\",\"@id\":\"https:\/\/eprojetslab.fr\/home\/#website\",\"url\":\"https:\/\/eprojetslab.fr\/home\/\",\"name\":\"EProjets Lab\",\"description\":\"Votre projet, notre passion.\",\"publisher\":{\"@id\":\"https:\/\/eprojetslab.fr\/home\/#organization\"},\"alternateName\":\"eplab\",\"potentialAction\":[{\"@type\":\"SearchAction\",\"target\":{\"@type\":\"EntryPoint\",\"urlTemplate\":\"https:\/\/eprojetslab.fr\/home\/?s={search_term_string}\"},\"query-input\":{\"@type\":\"PropertyValueSpecification\",\"valueRequired\":true,\"valueName\":\"search_term_string\"}}],\"inLanguage\":\"fr-FR\"},{\"@type\":\"Organization\",\"@id\":\"https:\/\/eprojetslab.fr\/home\/#organization\",\"name\":\"eprojetslab\",\"alternateName\":\"eplab\",\"url\":\"https:\/\/eprojetslab.fr\/home\/\",\"logo\":{\"@type\":\"ImageObject\",\"inLanguage\":\"fr-FR\",\"@id\":\"https:\/\/eprojetslab.fr\/home\/#\/schema\/logo\/image\/\",\"url\":\"https:\/\/i0.wp.com\/eprojetslab.fr\/wp-content\/uploads\/2024\/11\/cropped-eprojets_lab_logo_horizontal.png?fit=1425%2C447&ssl=1\",\"contentUrl\":\"https:\/\/i0.wp.com\/eprojetslab.fr\/wp-content\/uploads\/2024\/11\/cropped-eprojets_lab_logo_horizontal.png?fit=1425%2C447&ssl=1\",\"width\":1425,\"height\":447,\"caption\":\"eprojetslab\"},\"image\":{\"@id\":\"https:\/\/eprojetslab.fr\/home\/#\/schema\/logo\/image\/\"},\"sameAs\":[\"https:\/\/www.facebook.com\/people\/EProjets-Lab\/100083536294345\/\",\"https:\/\/www.linkedin.com\/company\/eprojetslab\/\",\"https:\/\/www.instagram.com\/eprojets_lab\/?hl=fr\"]}]}<\/script>\n<!-- \/ Yoast SEO plugin. -->","yoast_head_json":{"title":"Contact EProjets Lab | EProjets Lab","description":"Contact EProjets Lab : Besoin d'aide en impression 3D ou en CAO? Notre \u00e9quipe est l\u00e0 pour r\u00e9pondre \u00e0 vos questions et \u00e0 vos projets.","robots":{"index":"index","follow":"follow","max-snippet":"max-snippet:-1","max-image-preview":"max-image-preview:large","max-video-preview":"max-video-preview:-1"},"canonical":"https:\/\/eprojetslab.fr\/home\/contact\/","og_locale":"fr_FR","og_type":"article","og_title":"Contact EProjets Lab | EProjets Lab","og_description":"Contact EProjets Lab : Besoin d'aide en impression 3D ou en CAO? Notre \u00e9quipe est l\u00e0 pour r\u00e9pondre \u00e0 vos questions et \u00e0 vos projets.","og_url":"https:\/\/eprojetslab.fr\/home\/contact\/","og_site_name":"EProjets Lab","article_publisher":"https:\/\/www.facebook.com\/people\/EProjets-Lab\/100083536294345\/","article_modified_time":"2024-12-01T16:24:01+00:00","og_image":[{"width":973,"height":940,"url":"https:\/\/i0.wp.com\/eprojetslab.fr\/wp-content\/uploads\/2023\/07\/cropped-Logo-2-2.png?fit=973%2C940&ssl=1","type":"image\/png"}],"twitter_card":"summary_large_image","twitter_misc":{"Dur\u00e9e de lecture estim\u00e9e":"1 minute"},"schema":{"@context":"https:\/\/schema.org","@graph":[{"@type":"WebPage","@id":"https:\/\/eprojetslab.fr\/home\/contact\/","url":"https:\/\/eprojetslab.fr\/home\/contact\/","name":"Contact EProjets Lab | EProjets Lab","isPartOf":{"@id":"https:\/\/eprojetslab.fr\/home\/#website"},"datePublished":"2023-09-27T20:30:58+00:00","dateModified":"2024-12-01T16:24:01+00:00","description":"Contact EProjets Lab : Besoin d'aide en impression 3D ou en CAO? Notre \u00e9quipe est l\u00e0 pour r\u00e9pondre \u00e0 vos questions et \u00e0 vos projets.","breadcrumb":{"@id":"https:\/\/eprojetslab.fr\/home\/contact\/#breadcrumb"},"inLanguage":"fr-FR","potentialAction":[{"@type":"ReadAction","target":["https:\/\/eprojetslab.fr\/home\/contact\/"]}]},{"@type":"BreadcrumbList","@id":"https:\/\/eprojetslab.fr\/home\/contact\/#breadcrumb","itemListElement":[{"@type":"ListItem","position":1,"name":"Accueil","item":"https:\/\/eprojetslab.fr\/home\/"},{"@type":"ListItem","position":2,"name":"Contact EProjets Lab"}]},{"@type":"WebSite","@id":"https:\/\/eprojetslab.fr\/home\/#website","url":"https:\/\/eprojetslab.fr\/home\/","name":"EProjets Lab","description":"Votre projet, notre passion.","publisher":{"@id":"https:\/\/eprojetslab.fr\/home\/#organization"},"alternateName":"eplab","potentialAction":[{"@type":"SearchAction","target":{"@type":"EntryPoint","urlTemplate":"https:\/\/eprojetslab.fr\/home\/?s={search_term_string}"},"query-input":{"@type":"PropertyValueSpecification","valueRequired":true,"valueName":"search_term_string"}}],"inLanguage":"fr-FR"},{"@type":"Organization","@id":"https:\/\/eprojetslab.fr\/home\/#organization","name":"eprojetslab","alternateName":"eplab","url":"https:\/\/eprojetslab.fr\/home\/","logo":{"@type":"ImageObject","inLanguage":"fr-FR","@id":"https:\/\/eprojetslab.fr\/home\/#\/schema\/logo\/image\/","url":"https:\/\/i0.wp.com\/eprojetslab.fr\/wp-content\/uploads\/2024\/11\/cropped-eprojets_lab_logo_horizontal.png?fit=1425%2C447&ssl=1","contentUrl":"https:\/\/i0.wp.com\/eprojetslab.fr\/wp-content\/uploads\/2024\/11\/cropped-eprojets_lab_logo_horizontal.png?fit=1425%2C447&ssl=1","width":1425,"height":447,"caption":"eprojetslab"},"image":{"@id":"https:\/\/eprojetslab.fr\/home\/#\/schema\/logo\/image\/"},"sameAs":["https:\/\/www.facebook.com\/people\/EProjets-Lab\/100083536294345\/","https:\/\/www.linkedin.com\/company\/eprojetslab\/","https:\/\/www.instagram.com\/eprojets_lab\/?hl=fr"]}]}},"jetpack_sharing_enabled":true,"_links":{"self":[{"href":"https:\/\/eprojetslab.fr\/home\/wp-json\/wp\/v2\/pages\/366","targetHints":{"allow":["GET"]}}],"collection":[{"href":"https:\/\/eprojetslab.fr\/home\/wp-json\/wp\/v2\/pages"}],"about":[{"href":"https:\/\/eprojetslab.fr\/home\/wp-json\/wp\/v2\/types\/page"}],"author":[{"embeddable":true,"href":"https:\/\/eprojetslab.fr\/home\/wp-json\/wp\/v2\/users\/3"}],"replies":[{"embeddable":true,"href":"https:\/\/eprojetslab.fr\/home\/wp-json\/wp\/v2\/comments?post=366"}],"version-history":[{"count":21,"href":"https:\/\/eprojetslab.fr\/home\/wp-json\/wp\/v2\/pages\/366\/revisions"}],"predecessor-version":[{"id":1777,"href":"https:\/\/eprojetslab.fr\/home\/wp-json\/wp\/v2\/pages\/366\/revisions\/1777"}],"wp:attachment":[{"href":"https:\/\/eprojetslab.fr\/home\/wp-json\/wp\/v2\/media?parent=366"}],"curies":[{"name":"wp","href":"https:\/\/api.w.org\/{rel}","templated":true}]}}