{"id":362,"date":"2023-09-27T22:19:08","date_gmt":"2023-09-27T20:19:08","guid":{"rendered":"https:\/\/eprojetslab.fr\/home\/?page_id=362"},"modified":"2024-03-05T18:31:43","modified_gmt":"2024-03-05T17:31:43","slug":"a-propos","status":"publish","type":"page","link":"https:\/\/eprojetslab.fr\/home\/a-propos\/","title":{"rendered":"A propos d&rsquo;EProjets Lab"},"content":{"rendered":"\n<div class=\"wp-block-cover alignfull is-light\" style=\"margin-top:0;margin-bottom:var(--wp--preset--spacing--60)\"><span aria-hidden=\"true\" class=\"wp-block-cover__background has-background-dim\"><\/span><img data-recalc-dims=\"1\" loading=\"lazy\" decoding=\"async\" width=\"700\" height=\"400\" class=\"wp-block-cover__image-background wp-image-377\" alt=\"Cath\u00e9drale Notre Dame imprim\u00e9e en 3d  en r\u00e9sine. A propos d'EProjets Lab.\" src=\"https:\/\/i0.wp.com\/eprojetslab.fr\/wp-content\/uploads\/2023\/09\/Notre-dame-imprim%E2%80%9Ae-en-3D-en-r%E2%80%9Asine.jpg?resize=700%2C400&#038;ssl=1\" data-object-fit=\"cover\" srcset=\"https:\/\/i0.wp.com\/eprojetslab.fr\/wp-content\/uploads\/2023\/09\/Notre-dame-imprim%E2%80%9Ae-en-3D-en-r%E2%80%9Asine.jpg?w=700&amp;ssl=1 700w, https:\/\/i0.wp.com\/eprojetslab.fr\/wp-content\/uploads\/2023\/09\/Notre-dame-imprim%E2%80%9Ae-en-3D-en-r%E2%80%9Asine.jpg?resize=300%2C171&amp;ssl=1 300w\" sizes=\"auto, (max-width: 700px) 100vw, 700px\" \/><div class=\"wp-block-cover__inner-container is-layout-constrained wp-container-core-cover-is-layout-1 wp-block-cover-is-layout-constrained\">\n<h1 class=\"wp-block-heading has-text-align-center has-white-color has-text-color has-link-color has-x-large-font-size wp-elements-5b138e51a40dd27239bdea223c233235\">\u00c0 propos d&rsquo;EProjets Lab :<\/h1>\n\n\n\n<p class=\"has-text-align-center has-white-color has-text-color has-link-color has-large-font-size wp-elements-027cb03ad2b3f40f3af3ce7f297030ef\">Page en cours d&rsquo;impression &#8230;<\/p>\n<\/div><\/div>\n\n\n\n<h2 class=\"wp-block-heading\">D\u00e9couvrez ce qu&rsquo;il y&rsquo;a \u00e0 savoir \u00e0 propos d&rsquo;EProjets Lab : notre histoire, notre \u00e9quipe, et notre passion pour l&rsquo;innovation 3D.<\/h2>\n\n\n\n<p>Bienvenue chez EProjets Lab, votre partenaire pour la r\u00e9alisation de projets innovants gr\u00e2ce \u00e0 l&rsquo;analyse de projets, la conception assist\u00e9e par ordinateur (CAO) et l&rsquo;impression 3D.<\/p>\n\n\n\n<h2 class=\"wp-block-heading\">Notre entreprise<\/h2>\n\n\n\n<p>Chez EProjets Lab, nous sommes passionn\u00e9s par l&rsquo;innovation constante et l&rsquo;utilisation de technologies de pointe pour r\u00e9pondre aux besoins de nos clients. Notre expertise se situe au croisement de l&rsquo;analyse de projets, de la CAO ou mod\u00e9lisation 3D et de l&rsquo;impression 3D. Nous sommes sp\u00e9cialis\u00e9s dans la transformation d&rsquo;id\u00e9es en r\u00e9alit\u00e9 tangible, en utilisant des m\u00e9thodes innovantes et des mat\u00e9riaux de haute qualit\u00e9.<\/p>\n\n\n\n<h2 class=\"wp-block-heading\">Notre \u00e9quipe<\/h2>\n\n\n\n<p>Rencontrez les personnes derri\u00e8re EProjets Lab :<\/p>\n\n\n\n<ul class=\"wp-block-list\">\n<li><strong>Elliot, Fondateur d\u2019EProjets Lab<\/strong> : Passionn\u00e9 par l&rsquo;impression 3D, Elliot a acquis une expertise en explorant diff\u00e9rentes technologies de CAO. Il a \u00e9galement contribu\u00e9 \u00e0 l&rsquo;industrie de l&rsquo;impression 3D en travaillant avec 3Dnatives, le premier magazine en ligne sur l\u2019impression 3D. Elliot est un d\u00e9fenseur des nouvelles technologies et un entrepreneur d\u00e9vou\u00e9, toujours pr\u00eat \u00e0 relever de nouveaux d\u00e9fis.<\/li>\n\n\n\n<li><strong>Julien, Co-fondateur d\u2019EProjets Lab<\/strong> : Julien est un entrepreneur passionn\u00e9 par le bricolage, l&rsquo;\u00e9lectronique et l&rsquo;informatique. Il a d\u00e9couvert l&rsquo;impression 3D gr\u00e2ce \u00e0 sa rencontre avec Elliot et a rapidement plong\u00e9 dans le monde de la mod\u00e9lisation 3D et de la CAO. Laur\u00e9at des Entrep\u2019 2022, Julien apporte une solide connaissance du monde de l\u2019entrepreneuriat \u00e0 EProjets Lab.<\/li>\n<\/ul>\n\n\n\n<h2 class=\"wp-block-heading\">Notre processus<\/h2>\n\n\n\n<p>Nous croyons en une approche m\u00e9thodique pour chaque projet que nous entreprenons. Notre processus comprend les \u00e9tapes suivantes :<\/p>\n\n\n\n<ul class=\"wp-block-list\">\n<li><strong>Analyse du Projet<\/strong> : Comprendre en profondeur les besoins et les objectifs du projet.<\/li>\n\n\n\n<li><strong>R\u00e9daction d&rsquo;un Cahier des Charges<\/strong> : D\u00e9finir les sp\u00e9cifications techniques et esth\u00e9tiques du projet. Proposer la technologie et les mat\u00e9riaux les plus adapt\u00e9s.<\/li>\n\n\n\n<li><strong>Conception Assist\u00e9e par Ordinateur (CAO) ou mod\u00e9lisation 3D<\/strong> : Utiliser les derniers outils de CAO pour cr\u00e9er des mod\u00e8les 3D pr\u00e9cis et fonctionnels.<\/li>\n\n\n\n<li><strong>Impression 3D et Post-traitement<\/strong> : Utilisation de nos technologies d&rsquo;impression 3D FDM et r\u00e9sine pour donner vie aux projets. Suivi du post-traitement pour obtenir des r\u00e9sultats impeccables.<\/li>\n<\/ul>\n\n\n\n<p>Nous sommes fiers de notre engagement envers l&rsquo;innovation, la qualit\u00e9 et la satisfaction du client. Si vous souhaitez en savoir plus sur notre processus ou les technologies que nous utilisons, explorez nos pages d\u00e9di\u00e9es ou <a href=\"https:\/\/eprojetslab.fr\/home\/contact\/\">contactez-nous<\/a> d\u00e8s aujourd&rsquo;hui pour discuter de votre projet.<\/p>\n\n\n\n<h2 class=\"wp-block-heading\">Engagement local<\/h2>\n\n\n\n<p>Bienvenue chez EProjets Lab, une entreprise mancelle situ\u00e9e au c\u0153ur du Mans, dans le d\u00e9partement de la Sarthe en France. Nous sommes profond\u00e9ment ancr\u00e9s dans notre communaut\u00e9 locale, ce qui nous permet de servir nos clients avec une r\u00e9activit\u00e9 exceptionnelle. Cela nous permet \u00e9galement de contribuer \u00e0 la dynamique locale.<\/p>\n\n\n\n<h2 class=\"wp-block-heading\">Implant\u00e9s au sein de <a href=\"https:\/\/www.lemansinnovation.fr\/\" target=\"_blank\" rel=\"noreferrer noopener\">Le Mans Innovation<\/a><\/h2>\n\n\n\n<p>EProjets Lab est fier d&rsquo;\u00eatre membre actif de \u00ab\u00a0Le Mans Innovation\u00a0\u00bb, une technopole au service des entreprises innovantes. Le Mans Innovation intervient sur Le Mans M\u00e9tropole et dans tout le d\u00e9partement de la Sarthe, soutenu par des partenaires tels que Le Mans M\u00e9tropole, la R\u00e9gion Pays de la Loire, le D\u00e9partement de la Sarthe et la CCI du Mans et de la Sarthe.<\/p>\n\n\n\n<p>Cette structure d\u00e9di\u00e9e \u00e0 l&rsquo;innovation aide les entreprises, les entrepreneurs, les \u00e9tudiants et les territoires \u00e0 d\u00e9velopper des projets innovants. L&rsquo;\u00e9quipe de Le Mans Innovation, compos\u00e9e de charg\u00e9s de mission, accompagne les porteurs de projets tout au long du processus de maturation de leur innovation, de l&rsquo;\u00e9mergence de l&rsquo;id\u00e9e \u00e0 la r\u00e9ussite commerciale. Nous sommes fiers de faire partie de cette initiative qui favorise l&rsquo;innovation locale.<\/p>\n\n\n\n<h2 class=\"wp-block-heading\">Nos valeurs : engagement, \u00e9volution, expertise<\/h2>\n\n\n\n<p>Chez EProjets Lab, nos valeurs sont au c\u0153ur de tout ce que nous faisons. Nous sommes guid\u00e9s par l&rsquo;Engagement envers nos clients, l&rsquo;\u00c9volution constante et l&rsquo;Expertise de notre \u00e9quipe. Notre baseline, \u00ab\u00a0Optimisation pour la production\u00a0\u00bb, et notre slogan, \u00ab\u00a0EProjets Lab : o\u00f9 l&rsquo;\u00c9volution rencontre la Cr\u00e9ation.\u00a0\u00bb, refl\u00e8tent notre d\u00e9vouement \u00e0 ces valeurs.<\/p>\n\n\n\n<p>Le \u00ab\u00a0E\u00a0\u00bb majuscule de notre nom ne repr\u00e9sente pas seulement une lettre, mais un concept puissant : l&rsquo;\u00c9volution. Nous croyons que l&rsquo;innovation constante est la cl\u00e9 de la r\u00e9ussite. Cette lettre majuscule incarne notre engagement envers la transformation et la r\u00e9invention. Elle symbolise notre volont\u00e9 d&rsquo;\u00eatre en premi\u00e8re ligne de l&rsquo;\u00e9volution technologique, d&rsquo;explorer de nouvelles fronti\u00e8res et de repousser les limites de ce qui est possible.<\/p>\n\n\n\n<p>Lorsque vous travaillez avec EProjets Lab, vous faites \u00e9quipe avec des experts d\u00e9vou\u00e9s qui utilisent les derni\u00e8res avanc\u00e9es en mati\u00e8re d&rsquo;analyse de projets, de conception assist\u00e9e par ordinateur et d&rsquo;impression 3D. Notre \u00e9quipe se consacre \u00e0 r\u00e9soudre les d\u00e9fis les plus complexes, \u00e0 transformer des id\u00e9es en r\u00e9alit\u00e9 tangible et \u00e0 r\u00e9volutionner votre approche des projets.<\/p>\n\n\n\n<p>Le \u00ab\u00a0E\u00a0\u00bb de notre nom est un rappel constant de notre engagement \u00e0 \u00eatre \u00e0 la pointe de l&rsquo;innovation, \u00e0 explorer de nouvelles perspectives et \u00e0 \u00e9lever vos projets vers de nouveaux sommets. Rejoignez-nous dans cette aventure vers un avenir plus audacieux, plus cr\u00e9atif et plus technologique que jamais.<\/p>\n\n\n\n<p><a href=\"https:\/\/eprojetslab.fr\/home\/services-et-processus\/\">D\u00e9couvrez notre Processus<\/a><\/p>\n\n\n\n<p style=\"margin-bottom:var(--wp--preset--spacing--50)\"><a href=\"https:\/\/eprojetslab.fr\/home\/procedes-et-materiaux\/\">En savoir plus sur nos Technologies<\/a><\/p>\n","protected":false},"excerpt":{"rendered":"<p>D\u00e9couvrez ce qu&rsquo;il y&rsquo;a \u00e0 savoir \u00e0 propos d&rsquo;EProjets Lab : notre histoire, notre \u00e9quipe, et notre passion pour l&rsquo;innovation 3D. Bienvenue chez EProjets Lab, votre partenaire pour la r\u00e9alisation de projets innovants gr\u00e2ce \u00e0 l&rsquo;analyse de projets, la conception assist\u00e9e par ordinateur (CAO) et l&rsquo;impression 3D. Notre entreprise Chez EProjets Lab, nous sommes passionn\u00e9s [&hellip;]<\/p>\n","protected":false},"author":3,"featured_media":0,"parent":0,"menu_order":0,"comment_status":"closed","ping_status":"closed","template":"","meta":{"content-type":"","site-sidebar-layout":"default","site-content-layout":"","ast-site-content-layout":"default","site-content-style":"default","site-sidebar-style":"default","ast-global-header-display":"","ast-banner-title-visibility":"","ast-main-header-display":"","ast-hfb-above-header-display":"","ast-hfb-below-header-display":"","ast-hfb-mobile-header-display":"","site-post-title":"disabled","ast-breadcrumbs-content":"","ast-featured-img":"","footer-sml-layout":"","ast-disable-related-posts":"","theme-transparent-header-meta":"","adv-header-id-meta":"","stick-header-meta":"","header-above-stick-meta":"","header-main-stick-meta":"","header-below-stick-meta":"","astra-migrate-meta-layouts":"","ast-page-background-enabled":"default","ast-page-background-meta":{"desktop":{"background-color":"var(--ast-global-color-4)","background-image":"","background-repeat":"repeat","background-position":"center center","background-size":"auto","background-attachment":"scroll","background-type":"","background-media":"","overlay-type":"","overlay-color":"","overlay-opacity":"","overlay-gradient":""},"tablet":{"background-color":"","background-image":"","background-repeat":"repeat","background-position":"center center","background-size":"auto","background-attachment":"scroll","background-type":"","background-media":"","overlay-type":"","overlay-color":"","overlay-opacity":"","overlay-gradient":""},"mobile":{"background-color":"","background-image":"","background-repeat":"repeat","background-position":"center center","background-size":"auto","background-attachment":"scroll","background-type":"","background-media":"","overlay-type":"","overlay-color":"","overlay-opacity":"","overlay-gradient":""}},"ast-content-background-meta":{"desktop":{"background-color":"var(--ast-global-color-5)","background-image":"","background-repeat":"repeat","background-position":"center center","background-size":"auto","background-attachment":"scroll","background-type":"","background-media":"","overlay-type":"","overlay-color":"","overlay-opacity":"","overlay-gradient":""},"tablet":{"background-color":"var(--ast-global-color-5)","background-image":"","background-repeat":"repeat","background-position":"center center","background-size":"auto","background-attachment":"scroll","background-type":"","background-media":"","overlay-type":"","overlay-color":"","overlay-opacity":"","overlay-gradient":""},"mobile":{"background-color":"var(--ast-global-color-5)","background-image":"","background-repeat":"repeat","background-position":"center center","background-size":"auto","background-attachment":"scroll","background-type":"","background-media":"","overlay-type":"","overlay-color":"","overlay-opacity":"","overlay-gradient":""}},"footnotes":""},"class_list":["post-362","page","type-page","status-publish","hentry"],"yoast_head":"<!-- This site is optimized with the Yoast SEO plugin v26.8 - https:\/\/yoast.com\/product\/yoast-seo-wordpress\/ -->\n<title>A propos d&#039;EProjets Lab | EProjets Lab<\/title>\n<meta name=\"description\" content=\"D\u00e9couvrez ce qu&#039;il y&#039;a \u00e0 savoir \u00e0 propos d&#039;EProjets Lab : Notre histoire, notre \u00e9quipe, et notre passion pour l&#039;innovation 3D.\" \/>\n<meta name=\"robots\" content=\"index, follow, max-snippet:-1, max-image-preview:large, max-video-preview:-1\" \/>\n<link rel=\"canonical\" href=\"https:\/\/eprojetslab.fr\/home\/a-propos\/\" \/>\n<meta property=\"og:locale\" content=\"fr_FR\" \/>\n<meta property=\"og:type\" content=\"article\" \/>\n<meta property=\"og:title\" content=\"A propos d&#039;EProjets Lab | EProjets Lab\" \/>\n<meta property=\"og:description\" content=\"D\u00e9couvrez ce qu&#039;il y&#039;a \u00e0 savoir \u00e0 propos d&#039;EProjets Lab : Notre histoire, notre \u00e9quipe, et notre passion pour l&#039;innovation 3D.\" \/>\n<meta property=\"og:url\" content=\"https:\/\/eprojetslab.fr\/home\/a-propos\/\" \/>\n<meta property=\"og:site_name\" content=\"EProjets Lab\" \/>\n<meta property=\"article:publisher\" content=\"https:\/\/www.facebook.com\/people\/EProjets-Lab\/100083536294345\/\" \/>\n<meta property=\"article:modified_time\" content=\"2024-03-05T17:31:43+00:00\" \/>\n<meta property=\"og:image\" content=\"https:\/\/i0.wp.com\/eprojetslab.fr\/wp-content\/uploads\/2023\/07\/cropped-Logo-2-2.png?fit=973%2C940&ssl=1\" \/>\n\t<meta property=\"og:image:width\" content=\"973\" \/>\n\t<meta property=\"og:image:height\" content=\"940\" \/>\n\t<meta property=\"og:image:type\" content=\"image\/png\" \/>\n<meta name=\"twitter:card\" content=\"summary_large_image\" \/>\n<meta name=\"twitter:label1\" content=\"Dur\u00e9e de lecture estim\u00e9e\" \/>\n\t<meta name=\"twitter:data1\" content=\"5 minutes\" \/>\n<script type=\"application\/ld+json\" class=\"yoast-schema-graph\">{\"@context\":\"https:\/\/schema.org\",\"@graph\":[{\"@type\":\"WebPage\",\"@id\":\"https:\/\/eprojetslab.fr\/home\/a-propos\/\",\"url\":\"https:\/\/eprojetslab.fr\/home\/a-propos\/\",\"name\":\"A propos d'EProjets Lab | EProjets Lab\",\"isPartOf\":{\"@id\":\"https:\/\/eprojetslab.fr\/home\/#website\"},\"datePublished\":\"2023-09-27T20:19:08+00:00\",\"dateModified\":\"2024-03-05T17:31:43+00:00\",\"description\":\"D\u00e9couvrez ce qu'il y'a \u00e0 savoir \u00e0 propos d'EProjets Lab : Notre histoire, notre \u00e9quipe, et notre passion pour l'innovation 3D.\",\"breadcrumb\":{\"@id\":\"https:\/\/eprojetslab.fr\/home\/a-propos\/#breadcrumb\"},\"inLanguage\":\"fr-FR\",\"potentialAction\":[{\"@type\":\"ReadAction\",\"target\":[\"https:\/\/eprojetslab.fr\/home\/a-propos\/\"]}]},{\"@type\":\"BreadcrumbList\",\"@id\":\"https:\/\/eprojetslab.fr\/home\/a-propos\/#breadcrumb\",\"itemListElement\":[{\"@type\":\"ListItem\",\"position\":1,\"name\":\"Accueil\",\"item\":\"https:\/\/eprojetslab.fr\/home\/\"},{\"@type\":\"ListItem\",\"position\":2,\"name\":\"A propos d&rsquo;EProjets Lab\"}]},{\"@type\":\"WebSite\",\"@id\":\"https:\/\/eprojetslab.fr\/home\/#website\",\"url\":\"https:\/\/eprojetslab.fr\/home\/\",\"name\":\"EProjets Lab\",\"description\":\"Votre projet, notre passion.\",\"publisher\":{\"@id\":\"https:\/\/eprojetslab.fr\/home\/#organization\"},\"alternateName\":\"eplab\",\"potentialAction\":[{\"@type\":\"SearchAction\",\"target\":{\"@type\":\"EntryPoint\",\"urlTemplate\":\"https:\/\/eprojetslab.fr\/home\/?s={search_term_string}\"},\"query-input\":{\"@type\":\"PropertyValueSpecification\",\"valueRequired\":true,\"valueName\":\"search_term_string\"}}],\"inLanguage\":\"fr-FR\"},{\"@type\":\"Organization\",\"@id\":\"https:\/\/eprojetslab.fr\/home\/#organization\",\"name\":\"eprojetslab\",\"alternateName\":\"eplab\",\"url\":\"https:\/\/eprojetslab.fr\/home\/\",\"logo\":{\"@type\":\"ImageObject\",\"inLanguage\":\"fr-FR\",\"@id\":\"https:\/\/eprojetslab.fr\/home\/#\/schema\/logo\/image\/\",\"url\":\"https:\/\/i0.wp.com\/eprojetslab.fr\/wp-content\/uploads\/2024\/11\/cropped-eprojets_lab_logo_horizontal.png?fit=1425%2C447&ssl=1\",\"contentUrl\":\"https:\/\/i0.wp.com\/eprojetslab.fr\/wp-content\/uploads\/2024\/11\/cropped-eprojets_lab_logo_horizontal.png?fit=1425%2C447&ssl=1\",\"width\":1425,\"height\":447,\"caption\":\"eprojetslab\"},\"image\":{\"@id\":\"https:\/\/eprojetslab.fr\/home\/#\/schema\/logo\/image\/\"},\"sameAs\":[\"https:\/\/www.facebook.com\/people\/EProjets-Lab\/100083536294345\/\",\"https:\/\/www.linkedin.com\/company\/eprojetslab\/\",\"https:\/\/www.instagram.com\/eprojets_lab\/?hl=fr\"]}]}<\/script>\n<!-- \/ Yoast SEO plugin. -->","yoast_head_json":{"title":"A propos d'EProjets Lab | EProjets Lab","description":"D\u00e9couvrez ce qu'il y'a \u00e0 savoir \u00e0 propos d'EProjets Lab : Notre histoire, notre \u00e9quipe, et notre passion pour l'innovation 3D.","robots":{"index":"index","follow":"follow","max-snippet":"max-snippet:-1","max-image-preview":"max-image-preview:large","max-video-preview":"max-video-preview:-1"},"canonical":"https:\/\/eprojetslab.fr\/home\/a-propos\/","og_locale":"fr_FR","og_type":"article","og_title":"A propos d'EProjets Lab | EProjets Lab","og_description":"D\u00e9couvrez ce qu'il y'a \u00e0 savoir \u00e0 propos d'EProjets Lab : Notre histoire, notre \u00e9quipe, et notre passion pour l'innovation 3D.","og_url":"https:\/\/eprojetslab.fr\/home\/a-propos\/","og_site_name":"EProjets Lab","article_publisher":"https:\/\/www.facebook.com\/people\/EProjets-Lab\/100083536294345\/","article_modified_time":"2024-03-05T17:31:43+00:00","og_image":[{"width":973,"height":940,"url":"https:\/\/i0.wp.com\/eprojetslab.fr\/wp-content\/uploads\/2023\/07\/cropped-Logo-2-2.png?fit=973%2C940&ssl=1","type":"image\/png"}],"twitter_card":"summary_large_image","twitter_misc":{"Dur\u00e9e de lecture estim\u00e9e":"5 minutes"},"schema":{"@context":"https:\/\/schema.org","@graph":[{"@type":"WebPage","@id":"https:\/\/eprojetslab.fr\/home\/a-propos\/","url":"https:\/\/eprojetslab.fr\/home\/a-propos\/","name":"A propos d'EProjets Lab | EProjets Lab","isPartOf":{"@id":"https:\/\/eprojetslab.fr\/home\/#website"},"datePublished":"2023-09-27T20:19:08+00:00","dateModified":"2024-03-05T17:31:43+00:00","description":"D\u00e9couvrez ce qu'il y'a \u00e0 savoir \u00e0 propos d'EProjets Lab : Notre histoire, notre \u00e9quipe, et notre passion pour l'innovation 3D.","breadcrumb":{"@id":"https:\/\/eprojetslab.fr\/home\/a-propos\/#breadcrumb"},"inLanguage":"fr-FR","potentialAction":[{"@type":"ReadAction","target":["https:\/\/eprojetslab.fr\/home\/a-propos\/"]}]},{"@type":"BreadcrumbList","@id":"https:\/\/eprojetslab.fr\/home\/a-propos\/#breadcrumb","itemListElement":[{"@type":"ListItem","position":1,"name":"Accueil","item":"https:\/\/eprojetslab.fr\/home\/"},{"@type":"ListItem","position":2,"name":"A propos d&rsquo;EProjets Lab"}]},{"@type":"WebSite","@id":"https:\/\/eprojetslab.fr\/home\/#website","url":"https:\/\/eprojetslab.fr\/home\/","name":"EProjets Lab","description":"Votre projet, notre passion.","publisher":{"@id":"https:\/\/eprojetslab.fr\/home\/#organization"},"alternateName":"eplab","potentialAction":[{"@type":"SearchAction","target":{"@type":"EntryPoint","urlTemplate":"https:\/\/eprojetslab.fr\/home\/?s={search_term_string}"},"query-input":{"@type":"PropertyValueSpecification","valueRequired":true,"valueName":"search_term_string"}}],"inLanguage":"fr-FR"},{"@type":"Organization","@id":"https:\/\/eprojetslab.fr\/home\/#organization","name":"eprojetslab","alternateName":"eplab","url":"https:\/\/eprojetslab.fr\/home\/","logo":{"@type":"ImageObject","inLanguage":"fr-FR","@id":"https:\/\/eprojetslab.fr\/home\/#\/schema\/logo\/image\/","url":"https:\/\/i0.wp.com\/eprojetslab.fr\/wp-content\/uploads\/2024\/11\/cropped-eprojets_lab_logo_horizontal.png?fit=1425%2C447&ssl=1","contentUrl":"https:\/\/i0.wp.com\/eprojetslab.fr\/wp-content\/uploads\/2024\/11\/cropped-eprojets_lab_logo_horizontal.png?fit=1425%2C447&ssl=1","width":1425,"height":447,"caption":"eprojetslab"},"image":{"@id":"https:\/\/eprojetslab.fr\/home\/#\/schema\/logo\/image\/"},"sameAs":["https:\/\/www.facebook.com\/people\/EProjets-Lab\/100083536294345\/","https:\/\/www.linkedin.com\/company\/eprojetslab\/","https:\/\/www.instagram.com\/eprojets_lab\/?hl=fr"]}]}},"jetpack_sharing_enabled":true,"_links":{"self":[{"href":"https:\/\/eprojetslab.fr\/home\/wp-json\/wp\/v2\/pages\/362","targetHints":{"allow":["GET"]}}],"collection":[{"href":"https:\/\/eprojetslab.fr\/home\/wp-json\/wp\/v2\/pages"}],"about":[{"href":"https:\/\/eprojetslab.fr\/home\/wp-json\/wp\/v2\/types\/page"}],"author":[{"embeddable":true,"href":"https:\/\/eprojetslab.fr\/home\/wp-json\/wp\/v2\/users\/3"}],"replies":[{"embeddable":true,"href":"https:\/\/eprojetslab.fr\/home\/wp-json\/wp\/v2\/comments?post=362"}],"version-history":[{"count":8,"href":"https:\/\/eprojetslab.fr\/home\/wp-json\/wp\/v2\/pages\/362\/revisions"}],"predecessor-version":[{"id":1065,"href":"https:\/\/eprojetslab.fr\/home\/wp-json\/wp\/v2\/pages\/362\/revisions\/1065"}],"wp:attachment":[{"href":"https:\/\/eprojetslab.fr\/home\/wp-json\/wp\/v2\/media?parent=362"}],"curies":[{"name":"wp","href":"https:\/\/api.w.org\/{rel}","templated":true}]}}