{"id":334,"date":"2023-09-20T22:02:41","date_gmt":"2023-09-20T20:02:41","guid":{"rendered":"https:\/\/eprojetslab.fr\/home\/?page_id=334"},"modified":"2024-03-01T23:58:48","modified_gmt":"2024-03-01T22:58:48","slug":"mentions-legales","status":"publish","type":"page","link":"https:\/\/eprojetslab.fr\/home\/mentions-legales\/","title":{"rendered":"Mentions l\u00e9gales du site eprojetslab.fr"},"content":{"rendered":"\n<h2 class=\"wp-block-heading has-medium-font-size\"><strong>Mentions L\u00e9gales du site eprojetslab.fr :<\/strong><\/h2>\n\n\n\n<h3 class=\"wp-block-heading has-medium-font-size\">1. Propri\u00e9taire du Site<\/h3>\n\n\n\n<p>Nom de l&rsquo;Entreprise : EProjets Lab<br>Statut Juridique : Micro-entreprise<br>Nom du Propri\u00e9taire : Elliot SALDUKAITE<br>Adresse : 5 rue Montoise, 72000, le Mans, France<br>T\u00e9l\u00e9phone : 07 83 01 19 47<br>E-mail : contact@eprojetslab.fr<\/p>\n\n\n\n<h3 class=\"wp-block-heading has-medium-font-size\">2. H\u00e9bergement<\/h3>\n\n\n\n<p>Le site web d&rsquo;EProjets Lab est h\u00e9berg\u00e9 par Hostinger. Pour toute question concernant l&rsquo;h\u00e9bergement, veuillez donc contacter Hostinger \u00e0 l&rsquo;adresse suivante : sales@hostinger.com<\/p>\n\n\n\n<h3 class=\"wp-block-heading has-medium-font-size\">3. D\u00e9claration de Protection des Donn\u00e9es<\/h3>\n\n\n\n<p>EProjets Lab s&rsquo;engage \u00e0 prot\u00e9ger la confidentialit\u00e9 de vos donn\u00e9es personnelles conform\u00e9ment \u00e0 la l\u00e9gislation en vigueur. Pour en savoir plus sur notre politique de confidentialit\u00e9, vous pouvez en outre consulter notre <a href=\"https:\/\/eprojetslab.fr\/home\/politique-de-confidentialite\/\">politique de confidentialit\u00e9<\/a>.<\/p>\n\n\n\n<h3 class=\"wp-block-heading has-medium-font-size\">4. Propri\u00e9t\u00e9 Intellectuelle<\/h3>\n\n\n\n<p>Tous les contenus pr\u00e9sents sur ce site, y compris les textes, les images, les vid\u00e9os et les graphiques, sont la propri\u00e9t\u00e9 intellectuelle d&rsquo;EProjets Lab ou sont utilis\u00e9s avec la permission de leurs propri\u00e9taires respectifs. Ainsi, toute utilisation non autoris\u00e9e de ces contenus est strictement interdite.<\/p>\n\n\n\n<h2 class=\"wp-block-heading has-medium-font-size\">5. Cookies<\/h2>\n\n\n\n<p>Ce site web utilise des cookies pour am\u00e9liorer l&rsquo;exp\u00e9rience de l&rsquo;utilisateur. En utilisant ce site, vous consentez \u00e0 l&rsquo;utilisation de cookies conform\u00e9ment \u00e0 notre politique de cookies. Pour en savoir plus sur l&rsquo;utilisation des cookies, veuillez consulter notre <a href=\"https:\/\/eprojetslab.fr\/home\/cgu\/\">politique de cookies<\/a>.<\/p>\n\n\n\n<h3 class=\"wp-block-heading has-medium-font-size\">6. Droit Applicable<\/h3>\n\n\n\n<p>Le droit en vigueur en France r\u00e9git les pr\u00e9sentes mentions l\u00e9gales. En cons\u00e9quence, toute utilisation du site donnant lieu \u00e0 un litige sera soumise \u00e0 la juridiction exclusive des tribunaux de la ville du Mans.<\/p>\n\n\n\n<h3 class=\"wp-block-heading has-medium-font-size\">7. Contact<\/h3>\n\n\n\n<p>Si vous avez des questions ou des pr\u00e9occupations concernant ces mentions l\u00e9gales, veuillez nous contacter \u00e0 l&rsquo;adresse e-mail suivante : contact@eprojetslab.fr mais \u00e9galement via nos r\u00e9seaux sociaux <a href=\"https:\/\/www.facebook.com\/people\/EProjets-Lab\/100083536294345\/\" target=\"_blank\" rel=\"noreferrer noopener\">Facebook<\/a>, <a href=\"https:\/\/www.linkedin.com\/company\/eprojetslab\/?viewAsMember=true\" target=\"_blank\" rel=\"noreferrer noopener\">LinkedIn<\/a> ou <a href=\"https:\/\/www.instagram.com\/eprojets_lab\/?hl=fr\" target=\"_blank\" rel=\"noreferrer noopener\">Instagram<\/a>.<\/p>\n\n\n\n<p><\/p>\n\n\n\n<p><\/p>\n","protected":false},"excerpt":{"rendered":"<p>Mentions L\u00e9gales du site eprojetslab.fr : 1. Propri\u00e9taire du Site Nom de l&rsquo;Entreprise : EProjets LabStatut Juridique : Micro-entrepriseNom du Propri\u00e9taire : Elliot SALDUKAITEAdresse : 5 rue Montoise, 72000, le Mans, FranceT\u00e9l\u00e9phone : 07 83 01 19 47E-mail : contact@eprojetslab.fr 2. H\u00e9bergement Le site web d&rsquo;EProjets Lab est h\u00e9berg\u00e9 par Hostinger. Pour toute question concernant [&hellip;]<\/p>\n","protected":false},"author":3,"featured_media":0,"parent":0,"menu_order":0,"comment_status":"closed","ping_status":"closed","template":"","meta":{"content-type":"","site-sidebar-layout":"default","site-content-layout":"","ast-site-content-layout":"default","site-content-style":"default","site-sidebar-style":"default","ast-global-header-display":"","ast-banner-title-visibility":"","ast-main-header-display":"","ast-hfb-above-header-display":"","ast-hfb-below-header-display":"","ast-hfb-mobile-header-display":"","site-post-title":"","ast-breadcrumbs-content":"","ast-featured-img":"","footer-sml-layout":"","ast-disable-related-posts":"","theme-transparent-header-meta":"","adv-header-id-meta":"","stick-header-meta":"","header-above-stick-meta":"","header-main-stick-meta":"","header-below-stick-meta":"","astra-migrate-meta-layouts":"default","ast-page-background-enabled":"default","ast-page-background-meta":{"desktop":{"background-color":"var(--ast-global-color-4)","background-image":"","background-repeat":"repeat","background-position":"center center","background-size":"auto","background-attachment":"scroll","background-type":"","background-media":"","overlay-type":"","overlay-color":"","overlay-opacity":"","overlay-gradient":""},"tablet":{"background-color":"","background-image":"","background-repeat":"repeat","background-position":"center center","background-size":"auto","background-attachment":"scroll","background-type":"","background-media":"","overlay-type":"","overlay-color":"","overlay-opacity":"","overlay-gradient":""},"mobile":{"background-color":"","background-image":"","background-repeat":"repeat","background-position":"center center","background-size":"auto","background-attachment":"scroll","background-type":"","background-media":"","overlay-type":"","overlay-color":"","overlay-opacity":"","overlay-gradient":""}},"ast-content-background-meta":{"desktop":{"background-color":"var(--ast-global-color-5)","background-image":"","background-repeat":"repeat","background-position":"center center","background-size":"auto","background-attachment":"scroll","background-type":"","background-media":"","overlay-type":"","overlay-color":"","overlay-opacity":"","overlay-gradient":""},"tablet":{"background-color":"var(--ast-global-color-5)","background-image":"","background-repeat":"repeat","background-position":"center center","background-size":"auto","background-attachment":"scroll","background-type":"","background-media":"","overlay-type":"","overlay-color":"","overlay-opacity":"","overlay-gradient":""},"mobile":{"background-color":"var(--ast-global-color-5)","background-image":"","background-repeat":"repeat","background-position":"center center","background-size":"auto","background-attachment":"scroll","background-type":"","background-media":"","overlay-type":"","overlay-color":"","overlay-opacity":"","overlay-gradient":""}},"footnotes":""},"class_list":["post-334","page","type-page","status-publish","hentry"],"yoast_head":"<!-- This site is optimized with the Yoast SEO plugin v26.8 - https:\/\/yoast.com\/product\/yoast-seo-wordpress\/ -->\n<title>Mentions l\u00e9gales du site eprojetslab.fr | EProjets Lab<\/title>\n<meta name=\"description\" content=\"Mentions l\u00e9gales du site eprojetslab.fr et eplab.fr (EProjets Lab) ainsi que des services propos\u00e9s par ce dernier.\" \/>\n<meta name=\"robots\" content=\"index, follow, max-snippet:-1, max-image-preview:large, max-video-preview:-1\" \/>\n<link rel=\"canonical\" href=\"https:\/\/eprojetslab.fr\/home\/mentions-legales\/\" \/>\n<meta property=\"og:locale\" content=\"fr_FR\" \/>\n<meta property=\"og:type\" content=\"article\" \/>\n<meta property=\"og:title\" content=\"Mentions l\u00e9gales du site eprojetslab.fr | EProjets Lab\" \/>\n<meta property=\"og:description\" content=\"Mentions l\u00e9gales du site eprojetslab.fr et eplab.fr (EProjets Lab) ainsi que des services propos\u00e9s par ce dernier.\" \/>\n<meta property=\"og:url\" content=\"https:\/\/eprojetslab.fr\/home\/mentions-legales\/\" \/>\n<meta property=\"og:site_name\" content=\"EProjets Lab\" \/>\n<meta property=\"article:publisher\" content=\"https:\/\/www.facebook.com\/people\/EProjets-Lab\/100083536294345\/\" \/>\n<meta property=\"article:modified_time\" content=\"2024-03-01T22:58:48+00:00\" \/>\n<meta property=\"og:image\" content=\"https:\/\/i0.wp.com\/eprojetslab.fr\/wp-content\/uploads\/2023\/07\/cropped-Logo-2-2.png?fit=973%2C940&ssl=1\" \/>\n\t<meta property=\"og:image:width\" content=\"973\" \/>\n\t<meta property=\"og:image:height\" content=\"940\" \/>\n\t<meta property=\"og:image:type\" content=\"image\/png\" \/>\n<meta name=\"twitter:card\" content=\"summary_large_image\" \/>\n<meta name=\"twitter:label1\" content=\"Dur\u00e9e de lecture estim\u00e9e\" \/>\n\t<meta name=\"twitter:data1\" content=\"2 minutes\" \/>\n<script type=\"application\/ld+json\" class=\"yoast-schema-graph\">{\"@context\":\"https:\/\/schema.org\",\"@graph\":[{\"@type\":\"WebPage\",\"@id\":\"https:\/\/eprojetslab.fr\/home\/mentions-legales\/\",\"url\":\"https:\/\/eprojetslab.fr\/home\/mentions-legales\/\",\"name\":\"Mentions l\u00e9gales du site eprojetslab.fr | EProjets Lab\",\"isPartOf\":{\"@id\":\"https:\/\/eprojetslab.fr\/home\/#website\"},\"datePublished\":\"2023-09-20T20:02:41+00:00\",\"dateModified\":\"2024-03-01T22:58:48+00:00\",\"description\":\"Mentions l\u00e9gales du site eprojetslab.fr et eplab.fr (EProjets Lab) ainsi que des services propos\u00e9s par ce dernier.\",\"breadcrumb\":{\"@id\":\"https:\/\/eprojetslab.fr\/home\/mentions-legales\/#breadcrumb\"},\"inLanguage\":\"fr-FR\",\"potentialAction\":[{\"@type\":\"ReadAction\",\"target\":[\"https:\/\/eprojetslab.fr\/home\/mentions-legales\/\"]}]},{\"@type\":\"BreadcrumbList\",\"@id\":\"https:\/\/eprojetslab.fr\/home\/mentions-legales\/#breadcrumb\",\"itemListElement\":[{\"@type\":\"ListItem\",\"position\":1,\"name\":\"Accueil\",\"item\":\"https:\/\/eprojetslab.fr\/home\/\"},{\"@type\":\"ListItem\",\"position\":2,\"name\":\"Mentions l\u00e9gales du site eprojetslab.fr\"}]},{\"@type\":\"WebSite\",\"@id\":\"https:\/\/eprojetslab.fr\/home\/#website\",\"url\":\"https:\/\/eprojetslab.fr\/home\/\",\"name\":\"EProjets Lab\",\"description\":\"Votre projet, notre passion.\",\"publisher\":{\"@id\":\"https:\/\/eprojetslab.fr\/home\/#organization\"},\"alternateName\":\"eplab\",\"potentialAction\":[{\"@type\":\"SearchAction\",\"target\":{\"@type\":\"EntryPoint\",\"urlTemplate\":\"https:\/\/eprojetslab.fr\/home\/?s={search_term_string}\"},\"query-input\":{\"@type\":\"PropertyValueSpecification\",\"valueRequired\":true,\"valueName\":\"search_term_string\"}}],\"inLanguage\":\"fr-FR\"},{\"@type\":\"Organization\",\"@id\":\"https:\/\/eprojetslab.fr\/home\/#organization\",\"name\":\"eprojetslab\",\"alternateName\":\"eplab\",\"url\":\"https:\/\/eprojetslab.fr\/home\/\",\"logo\":{\"@type\":\"ImageObject\",\"inLanguage\":\"fr-FR\",\"@id\":\"https:\/\/eprojetslab.fr\/home\/#\/schema\/logo\/image\/\",\"url\":\"https:\/\/i0.wp.com\/eprojetslab.fr\/wp-content\/uploads\/2024\/11\/cropped-eprojets_lab_logo_horizontal.png?fit=1425%2C447&ssl=1\",\"contentUrl\":\"https:\/\/i0.wp.com\/eprojetslab.fr\/wp-content\/uploads\/2024\/11\/cropped-eprojets_lab_logo_horizontal.png?fit=1425%2C447&ssl=1\",\"width\":1425,\"height\":447,\"caption\":\"eprojetslab\"},\"image\":{\"@id\":\"https:\/\/eprojetslab.fr\/home\/#\/schema\/logo\/image\/\"},\"sameAs\":[\"https:\/\/www.facebook.com\/people\/EProjets-Lab\/100083536294345\/\",\"https:\/\/www.linkedin.com\/company\/eprojetslab\/\",\"https:\/\/www.instagram.com\/eprojets_lab\/?hl=fr\"]}]}<\/script>\n<!-- \/ Yoast SEO plugin. -->","yoast_head_json":{"title":"Mentions l\u00e9gales du site eprojetslab.fr | EProjets Lab","description":"Mentions l\u00e9gales du site eprojetslab.fr et eplab.fr (EProjets Lab) ainsi que des services propos\u00e9s par ce dernier.","robots":{"index":"index","follow":"follow","max-snippet":"max-snippet:-1","max-image-preview":"max-image-preview:large","max-video-preview":"max-video-preview:-1"},"canonical":"https:\/\/eprojetslab.fr\/home\/mentions-legales\/","og_locale":"fr_FR","og_type":"article","og_title":"Mentions l\u00e9gales du site eprojetslab.fr | EProjets Lab","og_description":"Mentions l\u00e9gales du site eprojetslab.fr et eplab.fr (EProjets Lab) ainsi que des services propos\u00e9s par ce dernier.","og_url":"https:\/\/eprojetslab.fr\/home\/mentions-legales\/","og_site_name":"EProjets Lab","article_publisher":"https:\/\/www.facebook.com\/people\/EProjets-Lab\/100083536294345\/","article_modified_time":"2024-03-01T22:58:48+00:00","og_image":[{"width":973,"height":940,"url":"https:\/\/i0.wp.com\/eprojetslab.fr\/wp-content\/uploads\/2023\/07\/cropped-Logo-2-2.png?fit=973%2C940&ssl=1","type":"image\/png"}],"twitter_card":"summary_large_image","twitter_misc":{"Dur\u00e9e de lecture estim\u00e9e":"2 minutes"},"schema":{"@context":"https:\/\/schema.org","@graph":[{"@type":"WebPage","@id":"https:\/\/eprojetslab.fr\/home\/mentions-legales\/","url":"https:\/\/eprojetslab.fr\/home\/mentions-legales\/","name":"Mentions l\u00e9gales du site eprojetslab.fr | EProjets Lab","isPartOf":{"@id":"https:\/\/eprojetslab.fr\/home\/#website"},"datePublished":"2023-09-20T20:02:41+00:00","dateModified":"2024-03-01T22:58:48+00:00","description":"Mentions l\u00e9gales du site eprojetslab.fr et eplab.fr (EProjets Lab) ainsi que des services propos\u00e9s par ce dernier.","breadcrumb":{"@id":"https:\/\/eprojetslab.fr\/home\/mentions-legales\/#breadcrumb"},"inLanguage":"fr-FR","potentialAction":[{"@type":"ReadAction","target":["https:\/\/eprojetslab.fr\/home\/mentions-legales\/"]}]},{"@type":"BreadcrumbList","@id":"https:\/\/eprojetslab.fr\/home\/mentions-legales\/#breadcrumb","itemListElement":[{"@type":"ListItem","position":1,"name":"Accueil","item":"https:\/\/eprojetslab.fr\/home\/"},{"@type":"ListItem","position":2,"name":"Mentions l\u00e9gales du site eprojetslab.fr"}]},{"@type":"WebSite","@id":"https:\/\/eprojetslab.fr\/home\/#website","url":"https:\/\/eprojetslab.fr\/home\/","name":"EProjets Lab","description":"Votre projet, notre passion.","publisher":{"@id":"https:\/\/eprojetslab.fr\/home\/#organization"},"alternateName":"eplab","potentialAction":[{"@type":"SearchAction","target":{"@type":"EntryPoint","urlTemplate":"https:\/\/eprojetslab.fr\/home\/?s={search_term_string}"},"query-input":{"@type":"PropertyValueSpecification","valueRequired":true,"valueName":"search_term_string"}}],"inLanguage":"fr-FR"},{"@type":"Organization","@id":"https:\/\/eprojetslab.fr\/home\/#organization","name":"eprojetslab","alternateName":"eplab","url":"https:\/\/eprojetslab.fr\/home\/","logo":{"@type":"ImageObject","inLanguage":"fr-FR","@id":"https:\/\/eprojetslab.fr\/home\/#\/schema\/logo\/image\/","url":"https:\/\/i0.wp.com\/eprojetslab.fr\/wp-content\/uploads\/2024\/11\/cropped-eprojets_lab_logo_horizontal.png?fit=1425%2C447&ssl=1","contentUrl":"https:\/\/i0.wp.com\/eprojetslab.fr\/wp-content\/uploads\/2024\/11\/cropped-eprojets_lab_logo_horizontal.png?fit=1425%2C447&ssl=1","width":1425,"height":447,"caption":"eprojetslab"},"image":{"@id":"https:\/\/eprojetslab.fr\/home\/#\/schema\/logo\/image\/"},"sameAs":["https:\/\/www.facebook.com\/people\/EProjets-Lab\/100083536294345\/","https:\/\/www.linkedin.com\/company\/eprojetslab\/","https:\/\/www.instagram.com\/eprojets_lab\/?hl=fr"]}]}},"jetpack_sharing_enabled":true,"_links":{"self":[{"href":"https:\/\/eprojetslab.fr\/home\/wp-json\/wp\/v2\/pages\/334","targetHints":{"allow":["GET"]}}],"collection":[{"href":"https:\/\/eprojetslab.fr\/home\/wp-json\/wp\/v2\/pages"}],"about":[{"href":"https:\/\/eprojetslab.fr\/home\/wp-json\/wp\/v2\/types\/page"}],"author":[{"embeddable":true,"href":"https:\/\/eprojetslab.fr\/home\/wp-json\/wp\/v2\/users\/3"}],"replies":[{"embeddable":true,"href":"https:\/\/eprojetslab.fr\/home\/wp-json\/wp\/v2\/comments?post=334"}],"version-history":[{"count":5,"href":"https:\/\/eprojetslab.fr\/home\/wp-json\/wp\/v2\/pages\/334\/revisions"}],"predecessor-version":[{"id":1061,"href":"https:\/\/eprojetslab.fr\/home\/wp-json\/wp\/v2\/pages\/334\/revisions\/1061"}],"wp:attachment":[{"href":"https:\/\/eprojetslab.fr\/home\/wp-json\/wp\/v2\/media?parent=334"}],"curies":[{"name":"wp","href":"https:\/\/api.w.org\/{rel}","templated":true}]}}