{"id":1497,"date":"2024-11-11T17:49:36","date_gmt":"2024-11-11T16:49:36","guid":{"rendered":"https:\/\/eprojetslab.fr\/home\/?page_id=1497"},"modified":"2025-01-03T16:19:22","modified_gmt":"2025-01-03T15:19:22","slug":"actualites","status":"publish","type":"page","link":"https:\/\/eprojetslab.fr\/home\/actualites\/","title":{"rendered":"Actualites"},"content":{"rendered":"\n<div class=\"wp-block-cover alignfull\" style=\"margin-bottom:var(--wp--preset--spacing--60)\"><span aria-hidden=\"true\" class=\"wp-block-cover__background has-black-background-color has-background-dim\"><\/span><img data-recalc-dims=\"1\" loading=\"lazy\" decoding=\"async\" width=\"700\" height=\"400\" class=\"wp-block-cover__image-background wp-image-363\" alt=\"Imprimante 3D imprime un objet en PETG blanc\" src=\"https:\/\/i0.wp.com\/eprojetslab.fr\/wp-content\/uploads\/2023\/09\/Impression-3D-FFF-en-PETG.jpg?resize=700%2C400&#038;ssl=1\" data-object-fit=\"cover\" srcset=\"https:\/\/i0.wp.com\/eprojetslab.fr\/wp-content\/uploads\/2023\/09\/Impression-3D-FFF-en-PETG.jpg?w=700&amp;ssl=1 700w, https:\/\/i0.wp.com\/eprojetslab.fr\/wp-content\/uploads\/2023\/09\/Impression-3D-FFF-en-PETG.jpg?resize=300%2C171&amp;ssl=1 300w\" sizes=\"auto, (max-width: 700px) 100vw, 700px\" \/><div class=\"wp-block-cover__inner-container is-layout-constrained wp-container-core-cover-is-layout-1 wp-block-cover-is-layout-constrained\">\n<h1 class=\"wp-block-heading has-text-align-center has-white-color has-text-color has-link-color has-large-font-size wp-elements-feea8b5f3d344117fb827e36f408338e\">D\u00e9couvrez nos actualit\u00e9s et articles !<\/h1>\n\n\n\n<p class=\"has-text-align-center has-white-color has-text-color has-link-color wp-elements-19e7562b6c8b563f6e5dbae56c514c52\" style=\"font-size:2rem\">Impression 3D, mod\u00e9lisation 3D, Accompagnement de Projet et bien plus !<\/p>\n<\/div><\/div>\n\n\n\n<div class=\"wp-block-media-text is-stacked-on-mobile\" style=\"border-style:none;border-width:0px;margin-top:var(--wp--preset--spacing--70);margin-bottom:var(--wp--preset--spacing--70)\"><figure class=\"wp-block-media-text__media\"><img data-recalc-dims=\"1\" loading=\"lazy\" decoding=\"async\" width=\"1024\" height=\"768\" src=\"https:\/\/i0.wp.com\/eprojetslab.fr\/wp-content\/uploads\/2025\/01\/Design-sans-titre.png?resize=1024%2C768&#038;ssl=1\" alt=\"\" class=\"wp-image-1825 size-large\" srcset=\"https:\/\/i0.wp.com\/eprojetslab.fr\/wp-content\/uploads\/2025\/01\/Design-sans-titre.png?w=1024&amp;ssl=1 1024w, https:\/\/i0.wp.com\/eprojetslab.fr\/wp-content\/uploads\/2025\/01\/Design-sans-titre.png?resize=300%2C225&amp;ssl=1 300w, https:\/\/i0.wp.com\/eprojetslab.fr\/wp-content\/uploads\/2025\/01\/Design-sans-titre.png?resize=768%2C576&amp;ssl=1 768w\" sizes=\"auto, (max-width: 1000px) 100vw, 1000px\" \/><\/figure><div class=\"wp-block-media-text__content\">\n<div class=\"wp-block-group is-vertical is-layout-flex wp-container-core-group-is-layout-1 wp-block-group-is-layout-flex\">\n<h2 class=\"wp-block-heading has-large-font-size\"><a href=\"https:\/\/eprojetslab.fr\/home\/floorplan-maquette-etage\/\">Floorplans et maquettes d&rsquo;\u00e9tages imprim\u00e9s en 3D<\/a><\/h2>\n\n\n\n<p>03 Janvier 2025 <\/p>\n\n\n\n<p>Dans le monde de l\u2019immobilier, se d\u00e9marquer est devenu un imp\u00e9ratif. L\u2019utilisation de\u00a0<em>floorplans 3D<\/em>\u00a0et de maquettes 3D physiques transforme la mani\u00e8re dont les professionnels du secteur pr\u00e9sentent leurs projets.<\/p>\n<\/div>\n<\/div><\/div>\n\n\n\n<div class=\"wp-block-media-text is-stacked-on-mobile\" style=\"border-style:none;border-width:0px;margin-top:var(--wp--preset--spacing--70);margin-bottom:var(--wp--preset--spacing--70)\"><figure class=\"wp-block-media-text__media\"><img data-recalc-dims=\"1\" loading=\"lazy\" decoding=\"async\" width=\"1024\" height=\"768\" src=\"https:\/\/i0.wp.com\/eprojetslab.fr\/wp-content\/uploads\/2024\/11\/2-4.png?resize=1024%2C768&#038;ssl=1\" alt=\"GT40 Lava Red by Asphalt Replica par EProjets lab\" class=\"wp-image-1772 size-large\" srcset=\"https:\/\/i0.wp.com\/eprojetslab.fr\/wp-content\/uploads\/2024\/11\/2-4.png?w=1024&amp;ssl=1 1024w, https:\/\/i0.wp.com\/eprojetslab.fr\/wp-content\/uploads\/2024\/11\/2-4.png?resize=300%2C225&amp;ssl=1 300w, https:\/\/i0.wp.com\/eprojetslab.fr\/wp-content\/uploads\/2024\/11\/2-4.png?resize=768%2C576&amp;ssl=1 768w\" sizes=\"auto, (max-width: 1000px) 100vw, 1000px\" \/><\/figure><div class=\"wp-block-media-text__content\">\n<div class=\"wp-block-group is-vertical is-layout-flex wp-container-core-group-is-layout-2 wp-block-group-is-layout-flex\">\n<h2 class=\"wp-block-heading has-large-font-size\"><a href=\"https:\/\/eprojetslab.fr\/home\/figurines-en-resine-imprimees-en-3d\/\">Figurines en R\u00e9sine Imprim\u00e9es en 3D <\/a><\/h2>\n\n\n\n<p>26 Novembre 2024<\/p>\n\n\n\n<p>Plongez dans l\u2019univers des figurines imprim\u00e9es en 3D en r\u00e9sine et d\u00e9couvrez comment elles sont cr\u00e9\u00e9es, leurs atouts et leurs limites, et toutes les possibilit\u00e9s de personnalisation qu\u2019elles offrent.Plongez dans l\u2019univers des figurines imprim\u00e9es en 3D en r\u00e9sine et d\u00e9couvrez comment elles sont cr\u00e9\u00e9es, leurs atouts et leurs limites, et toutes les possibilit\u00e9s de personnalisation qu\u2019elles offrent.<\/p>\n<\/div>\n<\/div><\/div>\n\n\n\n<div class=\"wp-block-media-text is-stacked-on-mobile\" style=\"border-style:none;border-width:0px;margin-top:var(--wp--preset--spacing--70);margin-bottom:var(--wp--preset--spacing--70);padding-top:0;padding-bottom:0\"><figure class=\"wp-block-media-text__media\"><img data-recalc-dims=\"1\" loading=\"lazy\" decoding=\"async\" width=\"1024\" height=\"768\" src=\"https:\/\/i0.wp.com\/eprojetslab.fr\/wp-content\/uploads\/2024\/11\/1-4.png?resize=1024%2C768&#038;ssl=1\" alt=\"Pr\u00e9visualisation du mod\u00e8le de la Natibox Twin XL par EProjets Lab\" class=\"wp-image-1773 size-full\" srcset=\"https:\/\/i0.wp.com\/eprojetslab.fr\/wp-content\/uploads\/2024\/11\/1-4.png?w=1024&amp;ssl=1 1024w, https:\/\/i0.wp.com\/eprojetslab.fr\/wp-content\/uploads\/2024\/11\/1-4.png?resize=300%2C225&amp;ssl=1 300w, https:\/\/i0.wp.com\/eprojetslab.fr\/wp-content\/uploads\/2024\/11\/1-4.png?resize=768%2C576&amp;ssl=1 768w\" sizes=\"auto, (max-width: 1000px) 100vw, 1000px\" \/><\/figure><div class=\"wp-block-media-text__content\">\n<div class=\"wp-block-group is-vertical is-layout-flex wp-container-core-group-is-layout-3 wp-block-group-is-layout-flex\">\n<h2 class=\"wp-block-heading has-large-font-size\"><a href=\"https:\/\/eprojetslab.fr\/home\/maquette-traditionnelle-vs-maquette-imprimee-en-3d\/\">Comparaison Maquette Traditionnelle vs. Maquette Imprim\u00e9e en 3D<\/a><\/h2>\n\n\n\n<p>21 Novembre 2024<\/p>\n\n\n\n<p>Une comparaison compl\u00e8te entre les deux m\u00e9thodes de production de maquettes, leur points forts, inconv\u00e9nients, co\u00fbts: tout ce que vous devez savoir!<\/p>\n<\/div>\n<\/div><\/div>\n\n\n\n<div class=\"wp-block-media-text is-stacked-on-mobile\" style=\"border-style:none;border-width:0px;margin-top:var(--wp--preset--spacing--70);margin-bottom:var(--wp--preset--spacing--70);padding-top:0;padding-bottom:0\"><figure class=\"wp-block-media-text__media\"><img data-recalc-dims=\"1\" loading=\"lazy\" decoding=\"async\" width=\"1024\" height=\"768\" src=\"https:\/\/i0.wp.com\/eprojetslab.fr\/wp-content\/uploads\/2024\/11\/3-6.png?resize=1024%2C768&#038;ssl=1\" alt=\"Photo de la Lamborghini SC63 en pit stop.\" class=\"wp-image-1774 size-full\" srcset=\"https:\/\/i0.wp.com\/eprojetslab.fr\/wp-content\/uploads\/2024\/11\/3-6.png?w=1024&amp;ssl=1 1024w, https:\/\/i0.wp.com\/eprojetslab.fr\/wp-content\/uploads\/2024\/11\/3-6.png?resize=300%2C225&amp;ssl=1 300w, https:\/\/i0.wp.com\/eprojetslab.fr\/wp-content\/uploads\/2024\/11\/3-6.png?resize=768%2C576&amp;ssl=1 768w\" sizes=\"auto, (max-width: 1000px) 100vw, 1000px\" \/><\/figure><div class=\"wp-block-media-text__content\">\n<div class=\"wp-block-group is-vertical is-layout-flex wp-container-core-group-is-layout-4 wp-block-group-is-layout-flex\" style=\"padding-top:0;padding-bottom:0\">\n<h2 class=\"wp-block-heading has-large-font-size\"><a href=\"https:\/\/eprojetslab.fr\/home\/eprojets-lab-x-lamborghini-iron-lynx\/\">EProjets Lab X Lamborghini &amp; Iron Lynx<\/a><\/h2>\n\n\n\n<p>27 Juin 2024<\/p>\n\n\n\n<p>\u00c0 l\u2019occasion de la quatri\u00e8me \u00e9tape du championnat FIA WEC, les 24 heures du Mans, Lamborghini et Iron Lynx ont sollicit\u00e9 l\u2019expertise d\u2019EProjets Lab. Durant les pr\u00e9paratifs des 24 Heures du Mans, Iron Lynx a charg\u00e9 EProjets Lab de produire, en urgence, plusieurs pi\u00e8ces gr\u00e2ce \u00e0 l\u2019impression 3D.<\/p>\n<\/div>\n<\/div><\/div>\n\n\n\n<div class=\"wp-block-media-text is-stacked-on-mobile\" style=\"border-style:none;border-width:0px;margin-top:var(--wp--preset--spacing--70);margin-bottom:var(--wp--preset--spacing--70);padding-top:0;padding-bottom:0\"><figure class=\"wp-block-media-text__media\"><img data-recalc-dims=\"1\" loading=\"lazy\" decoding=\"async\" width=\"1024\" height=\"768\" src=\"https:\/\/i0.wp.com\/eprojetslab.fr\/wp-content\/uploads\/2024\/11\/4-1.png?resize=1024%2C768&#038;ssl=1\" alt=\"Photo de la Maquette de la Natibox Twin XL en salon produite par EProjets Lab en impression 3D\" class=\"wp-image-1775 size-full\" srcset=\"https:\/\/i0.wp.com\/eprojetslab.fr\/wp-content\/uploads\/2024\/11\/4-1.png?w=1024&amp;ssl=1 1024w, https:\/\/i0.wp.com\/eprojetslab.fr\/wp-content\/uploads\/2024\/11\/4-1.png?resize=300%2C225&amp;ssl=1 300w, https:\/\/i0.wp.com\/eprojetslab.fr\/wp-content\/uploads\/2024\/11\/4-1.png?resize=768%2C576&amp;ssl=1 768w\" sizes=\"auto, (max-width: 1000px) 100vw, 1000px\" \/><\/figure><div class=\"wp-block-media-text__content\">\n<div class=\"wp-block-group is-vertical is-layout-flex wp-container-core-group-is-layout-5 wp-block-group-is-layout-flex\" style=\"padding-top:0;padding-bottom:var(--wp--preset--spacing--80)\">\n<h2 class=\"wp-block-heading has-large-font-size\"><a href=\"https:\/\/eprojetslab.fr\/home\/maquette-tiny-house-natibox-twin-xl\/\">Maquette tiny house Natibox twin XL<\/a><\/h2>\n\n\n\n<p>20 Mai 2024<\/p>\n\n\n\n<p>D\u00e9couvrez comment EProjets Lab a aid\u00e9 Natibox \u00e0 optimiser leur pr\u00e9sence sur les salons immobiliers avec une maquette 3D de la tiny house Natibox Twin XL.<\/p>\n<\/div>\n<\/div><\/div>\n","protected":false},"excerpt":{"rendered":"","protected":false},"author":1,"featured_media":0,"parent":0,"menu_order":0,"comment_status":"closed","ping_status":"closed","template":"","meta":{"content-type":"","site-sidebar-layout":"default","site-content-layout":"","ast-site-content-layout":"default","site-content-style":"default","site-sidebar-style":"default","ast-global-header-display":"","ast-banner-title-visibility":"","ast-main-header-display":"","ast-hfb-above-header-display":"","ast-hfb-below-header-display":"","ast-hfb-mobile-header-display":"","site-post-title":"disabled","ast-breadcrumbs-content":"","ast-featured-img":"","footer-sml-layout":"","ast-disable-related-posts":"","theme-transparent-header-meta":"","adv-header-id-meta":"","stick-header-meta":"","header-above-stick-meta":"","header-main-stick-meta":"","header-below-stick-meta":"","astra-migrate-meta-layouts":"default","ast-page-background-enabled":"default","ast-page-background-meta":{"desktop":{"background-color":"var(--ast-global-color-4)","background-image":"","background-repeat":"repeat","background-position":"center center","background-size":"auto","background-attachment":"scroll","background-type":"","background-media":"","overlay-type":"","overlay-color":"","overlay-opacity":"","overlay-gradient":""},"tablet":{"background-color":"","background-image":"","background-repeat":"repeat","background-position":"center center","background-size":"auto","background-attachment":"scroll","background-type":"","background-media":"","overlay-type":"","overlay-color":"","overlay-opacity":"","overlay-gradient":""},"mobile":{"background-color":"","background-image":"","background-repeat":"repeat","background-position":"center center","background-size":"auto","background-attachment":"scroll","background-type":"","background-media":"","overlay-type":"","overlay-color":"","overlay-opacity":"","overlay-gradient":""}},"ast-content-background-meta":{"desktop":{"background-color":"var(--ast-global-color-5)","background-image":"","background-repeat":"repeat","background-position":"center center","background-size":"auto","background-attachment":"scroll","background-type":"","background-media":"","overlay-type":"","overlay-color":"","overlay-opacity":"","overlay-gradient":""},"tablet":{"background-color":"var(--ast-global-color-5)","background-image":"","background-repeat":"repeat","background-position":"center center","background-size":"auto","background-attachment":"scroll","background-type":"","background-media":"","overlay-type":"","overlay-color":"","overlay-opacity":"","overlay-gradient":""},"mobile":{"background-color":"var(--ast-global-color-5)","background-image":"","background-repeat":"repeat","background-position":"center center","background-size":"auto","background-attachment":"scroll","background-type":"","background-media":"","overlay-type":"","overlay-color":"","overlay-opacity":"","overlay-gradient":""}},"footnotes":""},"class_list":["post-1497","page","type-page","status-publish","hentry"],"yoast_head":"<!-- This site is optimized with the Yoast SEO plugin v26.8 - https:\/\/yoast.com\/product\/yoast-seo-wordpress\/ -->\n<title>Actualites | EProjets Lab<\/title>\n<meta name=\"description\" content=\"Retrouvez toutes les actualit\u00e9s d&#039;EProjets Lab: impression 3D, mod\u00e9lisation 3D, accompagnement projets, R&amp;D, maquettes et bien plus encore!\" \/>\n<meta name=\"robots\" content=\"index, follow, max-snippet:-1, max-image-preview:large, max-video-preview:-1\" \/>\n<link rel=\"canonical\" href=\"https:\/\/eprojetslab.fr\/home\/actualites\/\" \/>\n<meta property=\"og:locale\" content=\"fr_FR\" \/>\n<meta property=\"og:type\" content=\"article\" \/>\n<meta property=\"og:title\" content=\"Actualites | EProjets Lab\" \/>\n<meta property=\"og:description\" content=\"Retrouvez toutes les actualit\u00e9s d&#039;EProjets Lab: impression 3D, mod\u00e9lisation 3D, accompagnement projets, R&amp;D, maquettes et bien plus encore!\" \/>\n<meta property=\"og:url\" content=\"https:\/\/eprojetslab.fr\/home\/actualites\/\" \/>\n<meta property=\"og:site_name\" content=\"EProjets Lab\" \/>\n<meta property=\"article:publisher\" content=\"https:\/\/www.facebook.com\/people\/EProjets-Lab\/100083536294345\/\" \/>\n<meta property=\"article:modified_time\" content=\"2025-01-03T15:19:22+00:00\" \/>\n<meta property=\"og:image\" content=\"https:\/\/eprojetslab.fr\/wp-content\/uploads\/2023\/09\/Impression-3D-FFF-en-PETG.jpg\" \/>\n<meta name=\"twitter:card\" content=\"summary_large_image\" \/>\n<meta name=\"twitter:label1\" content=\"Dur\u00e9e de lecture estim\u00e9e\" \/>\n\t<meta name=\"twitter:data1\" content=\"3 minutes\" \/>\n<script type=\"application\/ld+json\" class=\"yoast-schema-graph\">{\"@context\":\"https:\/\/schema.org\",\"@graph\":[{\"@type\":\"WebPage\",\"@id\":\"https:\/\/eprojetslab.fr\/home\/actualites\/\",\"url\":\"https:\/\/eprojetslab.fr\/home\/actualites\/\",\"name\":\"Actualites | EProjets Lab\",\"isPartOf\":{\"@id\":\"https:\/\/eprojetslab.fr\/home\/#website\"},\"primaryImageOfPage\":{\"@id\":\"https:\/\/eprojetslab.fr\/home\/actualites\/#primaryimage\"},\"image\":{\"@id\":\"https:\/\/eprojetslab.fr\/home\/actualites\/#primaryimage\"},\"thumbnailUrl\":\"https:\/\/eprojetslab.fr\/wp-content\/uploads\/2023\/09\/Impression-3D-FFF-en-PETG.jpg\",\"datePublished\":\"2024-11-11T16:49:36+00:00\",\"dateModified\":\"2025-01-03T15:19:22+00:00\",\"description\":\"Retrouvez toutes les actualit\u00e9s d'EProjets Lab: impression 3D, mod\u00e9lisation 3D, accompagnement projets, R&D, maquettes et bien plus encore!\",\"breadcrumb\":{\"@id\":\"https:\/\/eprojetslab.fr\/home\/actualites\/#breadcrumb\"},\"inLanguage\":\"fr-FR\",\"potentialAction\":[{\"@type\":\"ReadAction\",\"target\":[\"https:\/\/eprojetslab.fr\/home\/actualites\/\"]}]},{\"@type\":\"ImageObject\",\"inLanguage\":\"fr-FR\",\"@id\":\"https:\/\/eprojetslab.fr\/home\/actualites\/#primaryimage\",\"url\":\"https:\/\/eprojetslab.fr\/wp-content\/uploads\/2023\/09\/Impression-3D-FFF-en-PETG.jpg\",\"contentUrl\":\"https:\/\/eprojetslab.fr\/wp-content\/uploads\/2023\/09\/Impression-3D-FFF-en-PETG.jpg\"},{\"@type\":\"BreadcrumbList\",\"@id\":\"https:\/\/eprojetslab.fr\/home\/actualites\/#breadcrumb\",\"itemListElement\":[{\"@type\":\"ListItem\",\"position\":1,\"name\":\"Accueil\",\"item\":\"https:\/\/eprojetslab.fr\/home\/\"},{\"@type\":\"ListItem\",\"position\":2,\"name\":\"Actualites\"}]},{\"@type\":\"WebSite\",\"@id\":\"https:\/\/eprojetslab.fr\/home\/#website\",\"url\":\"https:\/\/eprojetslab.fr\/home\/\",\"name\":\"EProjets Lab\",\"description\":\"Votre projet, notre passion.\",\"publisher\":{\"@id\":\"https:\/\/eprojetslab.fr\/home\/#organization\"},\"alternateName\":\"eplab\",\"potentialAction\":[{\"@type\":\"SearchAction\",\"target\":{\"@type\":\"EntryPoint\",\"urlTemplate\":\"https:\/\/eprojetslab.fr\/home\/?s={search_term_string}\"},\"query-input\":{\"@type\":\"PropertyValueSpecification\",\"valueRequired\":true,\"valueName\":\"search_term_string\"}}],\"inLanguage\":\"fr-FR\"},{\"@type\":\"Organization\",\"@id\":\"https:\/\/eprojetslab.fr\/home\/#organization\",\"name\":\"eprojetslab\",\"alternateName\":\"eplab\",\"url\":\"https:\/\/eprojetslab.fr\/home\/\",\"logo\":{\"@type\":\"ImageObject\",\"inLanguage\":\"fr-FR\",\"@id\":\"https:\/\/eprojetslab.fr\/home\/#\/schema\/logo\/image\/\",\"url\":\"https:\/\/i0.wp.com\/eprojetslab.fr\/wp-content\/uploads\/2024\/11\/cropped-eprojets_lab_logo_horizontal.png?fit=1425%2C447&ssl=1\",\"contentUrl\":\"https:\/\/i0.wp.com\/eprojetslab.fr\/wp-content\/uploads\/2024\/11\/cropped-eprojets_lab_logo_horizontal.png?fit=1425%2C447&ssl=1\",\"width\":1425,\"height\":447,\"caption\":\"eprojetslab\"},\"image\":{\"@id\":\"https:\/\/eprojetslab.fr\/home\/#\/schema\/logo\/image\/\"},\"sameAs\":[\"https:\/\/www.facebook.com\/people\/EProjets-Lab\/100083536294345\/\",\"https:\/\/www.linkedin.com\/company\/eprojetslab\/\",\"https:\/\/www.instagram.com\/eprojets_lab\/?hl=fr\"]}]}<\/script>\n<!-- \/ Yoast SEO plugin. -->","yoast_head_json":{"title":"Actualites | EProjets Lab","description":"Retrouvez toutes les actualit\u00e9s d'EProjets Lab: impression 3D, mod\u00e9lisation 3D, accompagnement projets, R&D, maquettes et bien plus encore!","robots":{"index":"index","follow":"follow","max-snippet":"max-snippet:-1","max-image-preview":"max-image-preview:large","max-video-preview":"max-video-preview:-1"},"canonical":"https:\/\/eprojetslab.fr\/home\/actualites\/","og_locale":"fr_FR","og_type":"article","og_title":"Actualites | EProjets Lab","og_description":"Retrouvez toutes les actualit\u00e9s d'EProjets Lab: impression 3D, mod\u00e9lisation 3D, accompagnement projets, R&D, maquettes et bien plus encore!","og_url":"https:\/\/eprojetslab.fr\/home\/actualites\/","og_site_name":"EProjets Lab","article_publisher":"https:\/\/www.facebook.com\/people\/EProjets-Lab\/100083536294345\/","article_modified_time":"2025-01-03T15:19:22+00:00","og_image":[{"url":"https:\/\/eprojetslab.fr\/wp-content\/uploads\/2023\/09\/Impression-3D-FFF-en-PETG.jpg","type":"","width":"","height":""}],"twitter_card":"summary_large_image","twitter_misc":{"Dur\u00e9e de lecture estim\u00e9e":"3 minutes"},"schema":{"@context":"https:\/\/schema.org","@graph":[{"@type":"WebPage","@id":"https:\/\/eprojetslab.fr\/home\/actualites\/","url":"https:\/\/eprojetslab.fr\/home\/actualites\/","name":"Actualites | EProjets Lab","isPartOf":{"@id":"https:\/\/eprojetslab.fr\/home\/#website"},"primaryImageOfPage":{"@id":"https:\/\/eprojetslab.fr\/home\/actualites\/#primaryimage"},"image":{"@id":"https:\/\/eprojetslab.fr\/home\/actualites\/#primaryimage"},"thumbnailUrl":"https:\/\/eprojetslab.fr\/wp-content\/uploads\/2023\/09\/Impression-3D-FFF-en-PETG.jpg","datePublished":"2024-11-11T16:49:36+00:00","dateModified":"2025-01-03T15:19:22+00:00","description":"Retrouvez toutes les actualit\u00e9s d'EProjets Lab: impression 3D, mod\u00e9lisation 3D, accompagnement projets, R&D, maquettes et bien plus encore!","breadcrumb":{"@id":"https:\/\/eprojetslab.fr\/home\/actualites\/#breadcrumb"},"inLanguage":"fr-FR","potentialAction":[{"@type":"ReadAction","target":["https:\/\/eprojetslab.fr\/home\/actualites\/"]}]},{"@type":"ImageObject","inLanguage":"fr-FR","@id":"https:\/\/eprojetslab.fr\/home\/actualites\/#primaryimage","url":"https:\/\/eprojetslab.fr\/wp-content\/uploads\/2023\/09\/Impression-3D-FFF-en-PETG.jpg","contentUrl":"https:\/\/eprojetslab.fr\/wp-content\/uploads\/2023\/09\/Impression-3D-FFF-en-PETG.jpg"},{"@type":"BreadcrumbList","@id":"https:\/\/eprojetslab.fr\/home\/actualites\/#breadcrumb","itemListElement":[{"@type":"ListItem","position":1,"name":"Accueil","item":"https:\/\/eprojetslab.fr\/home\/"},{"@type":"ListItem","position":2,"name":"Actualites"}]},{"@type":"WebSite","@id":"https:\/\/eprojetslab.fr\/home\/#website","url":"https:\/\/eprojetslab.fr\/home\/","name":"EProjets Lab","description":"Votre projet, notre passion.","publisher":{"@id":"https:\/\/eprojetslab.fr\/home\/#organization"},"alternateName":"eplab","potentialAction":[{"@type":"SearchAction","target":{"@type":"EntryPoint","urlTemplate":"https:\/\/eprojetslab.fr\/home\/?s={search_term_string}"},"query-input":{"@type":"PropertyValueSpecification","valueRequired":true,"valueName":"search_term_string"}}],"inLanguage":"fr-FR"},{"@type":"Organization","@id":"https:\/\/eprojetslab.fr\/home\/#organization","name":"eprojetslab","alternateName":"eplab","url":"https:\/\/eprojetslab.fr\/home\/","logo":{"@type":"ImageObject","inLanguage":"fr-FR","@id":"https:\/\/eprojetslab.fr\/home\/#\/schema\/logo\/image\/","url":"https:\/\/i0.wp.com\/eprojetslab.fr\/wp-content\/uploads\/2024\/11\/cropped-eprojets_lab_logo_horizontal.png?fit=1425%2C447&ssl=1","contentUrl":"https:\/\/i0.wp.com\/eprojetslab.fr\/wp-content\/uploads\/2024\/11\/cropped-eprojets_lab_logo_horizontal.png?fit=1425%2C447&ssl=1","width":1425,"height":447,"caption":"eprojetslab"},"image":{"@id":"https:\/\/eprojetslab.fr\/home\/#\/schema\/logo\/image\/"},"sameAs":["https:\/\/www.facebook.com\/people\/EProjets-Lab\/100083536294345\/","https:\/\/www.linkedin.com\/company\/eprojetslab\/","https:\/\/www.instagram.com\/eprojets_lab\/?hl=fr"]}]}},"jetpack_sharing_enabled":true,"_links":{"self":[{"href":"https:\/\/eprojetslab.fr\/home\/wp-json\/wp\/v2\/pages\/1497","targetHints":{"allow":["GET"]}}],"collection":[{"href":"https:\/\/eprojetslab.fr\/home\/wp-json\/wp\/v2\/pages"}],"about":[{"href":"https:\/\/eprojetslab.fr\/home\/wp-json\/wp\/v2\/types\/page"}],"author":[{"embeddable":true,"href":"https:\/\/eprojetslab.fr\/home\/wp-json\/wp\/v2\/users\/1"}],"replies":[{"embeddable":true,"href":"https:\/\/eprojetslab.fr\/home\/wp-json\/wp\/v2\/comments?post=1497"}],"version-history":[{"count":20,"href":"https:\/\/eprojetslab.fr\/home\/wp-json\/wp\/v2\/pages\/1497\/revisions"}],"predecessor-version":[{"id":1827,"href":"https:\/\/eprojetslab.fr\/home\/wp-json\/wp\/v2\/pages\/1497\/revisions\/1827"}],"wp:attachment":[{"href":"https:\/\/eprojetslab.fr\/home\/wp-json\/wp\/v2\/media?parent=1497"}],"curies":[{"name":"wp","href":"https:\/\/api.w.org\/{rel}","templated":true}]}}